{"id":3,"date":"2021-11-24T17:17:50","date_gmt":"2021-11-24T17:17:50","guid":{"rendered":"http:\/\/donner.com.mx\/?page_id=3"},"modified":"2021-11-24T20:31:40","modified_gmt":"2021-11-24T20:31:40","slug":"politica-privacidad","status":"publish","type":"page","link":"http:\/\/donner.com.mx\/?page_id=3","title":{"rendered":"Pol\u00edtica de privacidad"},"content":{"rendered":"\n<p>DEFINICIONES:<\/p>\n\n\n\n<p>Datos personales.- Cualquier informaci\u00f3n concerniente a una persona f\u00edsica identificada o identificable.<\/p>\n\n\n\n<p>Titular.- La persona f\u00edsica (TITULAR) a quien identifica o corresponden los datos personales.<\/p>\n\n\n\n<p>Responsable.- Persona f\u00edsica o moral de car\u00e1cter privado que decide sobre el tratamiento de los datos personales.<\/p>\n\n\n\n<p>Tratamiento.- La obtenci\u00f3n, uso (que incluye el acceso, manejo, aprovechamiento, transferencia o disposici\u00f3n de datos personales), divulgaci\u00f3n o almacenamiento de datos personales por cualquier medio.<\/p>\n\n\n\n<p>Transferencia.- Toda comunicaci\u00f3n de datos realizada a persona distinta del responsable o encargado del tratamiento.<\/p>\n\n\n\n<p>Derechos ARCO.- Derechos de acceso, rectificaci\u00f3n, cancelaci\u00f3n y oposici\u00f3n.<\/p>\n\n\n\n<p>DIGITAL AUTOMOTIVE, S.A. DE C.V. declara ser una empresa legalmente constituida de conformidad con las leyes mexicanas, con domicilio ubicado en Angulo No. 379, Colonia El Santuario, C.P. 44200, en Guadalajara, Jalisco, suscribe el presente aviso de privacidad en cumplimiento con la Ley Federal de Protecci\u00f3n de Datos Personales en Posesi\u00f3n de los Particulares (en lo sucesivo la &#8220;Ley&#8221;).<\/p>\n\n\n\n<p>Los datos personales que usted (en lo sucesivo &#8220;el Titular&#8221;) ha proporcionado directamente o a trav\u00e9s de medios electr\u00f3nicos a Digital Automotive, S.A. de C.V. (en lo sucesivo &#8220;el Responsable&#8221;, han sido recabados y ser\u00e1n tratados por el Responsable, bajo los principios de licitud, consentimiento, informaci\u00f3n, calidad, finalidad, lealtad, proporcionalidad y responsabilidad, de conformidad con lo dispuesto por la Ley.<\/p>\n\n\n\n<p>El Responsable hace de su conocimiento que los datos personales proporcionados por el Titular ser\u00e1n utilizados para (i) integrar su expediente como cliente; (ii) prestar los servicios que pudieran llegar a ser o hayan sido contratados; (iii) enviar informaci\u00f3n solicitada exclusivamente.<\/p>\n\n\n\n<p>Los datos personales proporcionados al Responsable, se encontrar\u00e1n debidamente protegidos a trav\u00e9s de medidas de seguridad tecnol\u00f3gicas, f\u00edsicas y administrativas, previniendo el uso o divulgaci\u00f3n indebida de los mismos.<\/p>\n\n\n\n<p>El Titular podr\u00e1 en cualquier momento revocar el consentimiento que ha otorgado a el Responsable para el tratamiento de sus datos personales, limitar el uso o divulgaci\u00f3n de los mismos, as\u00ed como ejercer sus derechos de Acceso, Rectificaci\u00f3n, Cancelaci\u00f3n y Oposici\u00f3n (&#8220;Derechos ARCO&#8221;) previstos en la Ley, mediante el env\u00edo de una solicitud que incluya (i) Nombre del titular de los datos personales; (ii) domicilio o cualquier otro medio de contacto; (iii) documento que acredite su personalidad e identidad; (iv) descripci\u00f3n clara y precisa de los datos personales; (v) cualquier otro documento que facilite la localizaci\u00f3n de los datos, al domicilio: Angulo No. 379, Colonia El Santuario, C.P. 44200, en Guadalajara, Jalisco, a la forma de contacto o al correo electr\u00f3nico ventas@donner-systems.com<\/p>\n\n\n\n<p>El presente aviso de privacidad podr\u00e1 ser modificado o actualizado unilateralmente por Digital Automotive, S.A. de C.V., inform\u00e1ndole al Titular de dichos cambios a trav\u00e9s de su p\u00e1gina web.<\/p>\n\n\n\n<p><\/p>\n\n\n\n<h2 class=\"wp-block-heading\">Qui\u00e9nes somos<\/h2>\n\n\n\n<p><strong class=\"privacy-policy-tutorial\">Donner System \/ Digital Automotive S.A. de C.V. <\/strong> www.donner.com.mx<br><\/p>\n\n\n\n<h2 class=\"wp-block-heading\">Comentarios<\/h2>\n\n\n\n<p>Cuando los visitantes dejan comentarios o nos env\u00edan un mensaje en la web, recopilamos los datos que se muestran en el formulario de comentarios, as\u00ed como la direcci\u00f3n IP del visitante y la cadena de agentes de usuario del navegador para ayudar a la detecci\u00f3n de spam.<\/p>\n\n\n\n<p>Una cadena an\u00f3nima creada a partir de tu direcci\u00f3n de correo electr\u00f3nico (tambi\u00e9n llamada hash) puede ser proporcionada al servicio de Gravatar para ver si la est\u00e1s usando. La pol\u00edtica de privacidad del servicio Gravatar est\u00e1 disponible aqu\u00ed: https:\/\/automattic.com\/privacy\/. Despu\u00e9s de la aprobaci\u00f3n de tu comentario, la imagen de tu perfil es visible para el p\u00fablico en el contexto de su comentario.<\/p>\n\n\n\n<h2 class=\"wp-block-heading\">Cookies<\/h2>\n\n\n\n<p>Si dejas un comentario en nuestro sitio puedes elegir guardar tu nombre, direcci\u00f3n de correo electr\u00f3nico y web en cookies. Esto es para tu comodidad, para que no tengas que volver a rellenar tus datos cuando dejes otro comentario. Estas cookies tendr\u00e1n una duraci\u00f3n de un a\u00f1o.<\/p>\n\n\n\n<p>Si tienes una cuenta y te conectas a este sitio, instalaremos una cookie temporal para determinar si tu navegador acepta cookies. Esta cookie no contiene datos personales y se elimina al cerrar el navegador.<\/p>\n\n\n\n<p>Cuando inicias sesi\u00f3n, tambi\u00e9n instalaremos varias cookies para guardar tu informaci\u00f3n de inicio de sesi\u00f3n y tus opciones de visualizaci\u00f3n de pantalla. Las cookies de inicio de sesi\u00f3n duran dos d\u00edas, y las cookies de opciones de pantalla duran un a\u00f1o. Si seleccionas &#8220;Recordarme&#8221;, tu inicio de sesi\u00f3n perdurar\u00e1 durante dos semanas. Si sales de tu cuenta, las cookies de inicio de sesi\u00f3n se eliminar\u00e1n.<\/p>\n\n\n\n<p><\/p>\n\n\n\n<h2 class=\"wp-block-heading\">Contenido incrustado de otros sitios web<\/h2>\n\n\n\n<p>Los art\u00edculos de este sitio pueden incluir contenido incrustado (por ejemplo, v\u00eddeos, im\u00e1genes, art\u00edculos, etc.). El contenido incrustado de otras web se comporta exactamente de la misma manera que si el visitante hubiera visitado la otra web.<\/p>\n\n\n\n<p>Estas web pueden recopilar datos sobre ti, utilizar cookies, incrustar un seguimiento adicional de terceros, y supervisar tu interacci\u00f3n con ese contenido incrustado, incluido el seguimiento de tu interacci\u00f3n con el contenido incrustado si tienes una cuenta y est\u00e1s conectado a esa web.<\/p>\n\n\n\n<h2 class=\"wp-block-heading\">Con qui\u00e9n compartimos tus datos<\/h2>\n\n\n\n<p>Tus datos son tratados con total confidencialidad y con el \u00fanico objetivo de ponernos en contacto contigo cuando nos solicitas informaci\u00f3n.<\/p>\n\n\n\n<p>En caso de tener una cuenta para las \u00e1reas privadas, y si solicitas un restablecimiento de contrase\u00f1a, tu direcci\u00f3n IP ser\u00e1 incluida en el correo electr\u00f3nico de restablecimiento.<\/p>\n\n\n\n<h2 class=\"wp-block-heading\">Cu\u00e1nto tiempo conservamos tus datos<\/h2>\n\n\n\n<p>Si dejas un comentario o un mensaje, el comentario y sus metadatos se conservan en este sitio web por 3 meses \u00fanicamente, o bien mientras se mantenga comunicaci\u00f3n contigo. <\/p>\n\n\n\n<p>De los usuarios que se registran en nuestra web (si los hay), tambi\u00e9n almacenamos la informaci\u00f3n personal que proporcionan en su perfil de usuario. Todos los usuarios pueden ver, editar o eliminar su informaci\u00f3n personal en cualquier momento (excepto que no pueden cambiar su nombre de usuario). Los administradores de la web tambi\u00e9n pueden ver y editar esa informaci\u00f3n.<\/p>\n\n\n\n<h2 class=\"wp-block-heading\">Qu\u00e9 derechos tienes sobre tus datos<\/h2>\n\n\n\n<p>Si tienes una cuenta o has dejado comentarios en esta web, puedes solicitar recibir un archivo de exportaci\u00f3n de los datos personales que tenemos sobre ti, incluyendo cualquier dato que nos hayas proporcionado. Tambi\u00e9n puedes solicitar que eliminemos cualquier dato personal que tengamos sobre ti. Esto no incluye ning\u00fan dato que estemos obligados a conservar con fines administrativos, legales o de seguridad.<\/p>\n\n\n\n<p>Para la eliminaci\u00f3n de datos debes comunicarte por tel\u00e9fono (3336584074) o escribirnos en el formulario de contacto.  <\/p>\n\n\n\n<h2 class=\"wp-block-heading\">D\u00f3nde enviamos tus datos<\/h2>\n\n\n\n<p>Los comentarios de los visitantes puede que los revise un servicio de detecci\u00f3n autom\u00e1tica de spam.<\/p>\n\n\n\n<p><\/p>\n\n\n\n<p><\/p>\n","protected":false},"excerpt":{"rendered":"<p>DEFINICIONES: Datos personales.- Cualquier informaci\u00f3n concerniente a una persona f\u00edsica identificada o identificable. Titular.- La persona f\u00edsica (TITULAR) a quien identifica o corresponden los datos personales. Responsable.- Persona f\u00edsica o moral de car\u00e1cter privado que decide sobre el tratamiento de los datos personales. Tratamiento.- La obtenci\u00f3n, uso (que incluye el acceso, manejo, aprovechamiento, transferencia o [&hellip;]<\/p>\n","protected":false},"author":1,"featured_media":0,"parent":0,"menu_order":0,"comment_status":"closed","ping_status":"open","template":"","meta":{"footnotes":""},"class_list":["post-3","page","type-page","status-publish","hentry"],"_links":{"self":[{"href":"http:\/\/donner.com.mx\/index.php?rest_route=\/wp\/v2\/pages\/3","targetHints":{"allow":["GET"]}}],"collection":[{"href":"http:\/\/donner.com.mx\/index.php?rest_route=\/wp\/v2\/pages"}],"about":[{"href":"http:\/\/donner.com.mx\/index.php?rest_route=\/wp\/v2\/types\/page"}],"author":[{"embeddable":true,"href":"http:\/\/donner.com.mx\/index.php?rest_route=\/wp\/v2\/users\/1"}],"replies":[{"embeddable":true,"href":"http:\/\/donner.com.mx\/index.php?rest_route=%2Fwp%2Fv2%2Fcomments&post=3"}],"version-history":[{"count":1,"href":"http:\/\/donner.com.mx\/index.php?rest_route=\/wp\/v2\/pages\/3\/revisions"}],"predecessor-version":[{"id":180,"href":"http:\/\/donner.com.mx\/index.php?rest_route=\/wp\/v2\/pages\/3\/revisions\/180"}],"wp:attachment":[{"href":"http:\/\/donner.com.mx\/index.php?rest_route=%2Fwp%2Fv2%2Fmedia&parent=3"}],"curies":[{"name":"wp","href":"https:\/\/api.w.org\/{rel}","templated":true}]}}